{"id":637,"date":"2012-02-15T00:28:12","date_gmt":"2012-02-15T05:28:12","guid":{"rendered":"http:\/\/www.chasebrooktest.com\/johnmlacak\/?page_id=637"},"modified":"2015-10-04T20:57:55","modified_gmt":"2015-10-05T00:57:55","slug":"charit%c3%a9s","status":"publish","type":"page","link":"https:\/\/www.johnmlacak.com\/fr\/etudes\/charit%c3%a9s\/","title":{"rendered":"Charit\u00e9s"},"content":{"rendered":"<ul>\n<li>Acute Care of the Elderly (unit\u00e9 ACE), H\u00f4pital Queensway-Carleton<\/li>\n<li>An Evening With Abigail, ench\u00e8res, recherche sur le cancer du sein<\/li>\n<li>Grands Fr\u00e8res Grandes Soeurs d&rsquo;Ottawa, Encan d&rsquo;oeuvres d&rsquo;art<\/li>\n<li>Canadian Federation of University Women, Scholarship Auction<\/li>\n<li>Canadian Advanced Technology Alliance, tournoi de golf &lsquo;Stroke Fore Stroke&rsquo;, Heart &amp; Stroke Foundation of Ontario<\/li>\n<li>Canadian Parents for French, ench\u00e8res<\/li>\n<li>Champagne on Ice, ench\u00e8res, Western Community Resource Centre<\/li>\n<li>Gouvernement d&rsquo;Ontario &#8211; collection d&rsquo;art, Soci\u00e9t\u00e9 des artistes d&rsquo;Ontario<\/li>\n<li>Hospice Care Ottawa<\/li>\n<li>La Soci\u00e9t\u00e9 Elizabeth Fry d&rsquo;Ottawa, L&rsquo;Art dans le jardin<\/li>\n<li>Kanata Techniques Precision Skating Team, ench\u00e8res<\/li>\n<li>Kanata Food Cupboard<\/li>\n<li>La Soci\u00e9t\u00e9 Alzheimer de l&rsquo;Outaouais qu\u00e9b\u00e9cois, encan d&rsquo;oeuvres d&rsquo;art annuel<\/li>\n<li>Chapitre municipal d&rsquo;Ottawa de IODE-Bureau des services \u00e0 la jeunesse<\/li>\n<li>Project Upstream, Auction to Support Youth Mental Health<\/li>\n<li>Saint Vincent&rsquo;s Wine Auction &amp; Garden Party<\/li>\n<li>Scotiabank Charity Auction Fundraiser \/ United Way \/ Centraide<\/li>\n<li>Villages d&rsquo;enfants SOS Canada, Gala Encan<\/li>\n<li>Temple Israel &amp; Dave Smith Youth Treatment Centre<\/li>\n<li>WPBS TV, Art Auction, Watertown, New York<\/li>\n<li>Institut de cardiologie, tournoi de golf Fuller-Keon, encan 2007-2009<\/li>\n<li>Universit\u00e9 d&rsquo;Ottawa, Don communautaire de la classe de common law de 2008, Habitat pour l&rsquo;humanit\u00e9, encan d&rsquo;art<\/li>\n<li>Marianne, a Celebration (Kanata North Recreation Centre)<\/li>\n<li>Coalition to Protect the South March Highlands, d\u00e9cembre, 2010<\/li>\n<li><\/li>\n<\/ul>\n<div id=\"attachment_638\" style=\"width: 442px\" class=\"wp-caption alignright\"><img loading=\"lazy\" decoding=\"async\" aria-describedby=\"caption-attachment-638\" class=\" wp-image-638 \" title=\"Charlevoix 2006\" src=\"https:\/\/www.johnmlacak.com\/wp-content\/uploads\/2012\/02\/2006-04-3-JohnPainting4x6Charlevoix1.jpg\" alt=\"Charlevoix 2006\" width=\"432\" height=\"288\" srcset=\"https:\/\/www.johnmlacak.com\/wp-content\/uploads\/2012\/02\/2006-04-3-JohnPainting4x6Charlevoix1.jpg 432w, https:\/\/www.johnmlacak.com\/wp-content\/uploads\/2012\/02\/2006-04-3-JohnPainting4x6Charlevoix1-150x100.jpg 150w, https:\/\/www.johnmlacak.com\/wp-content\/uploads\/2012\/02\/2006-04-3-JohnPainting4x6Charlevoix1-300x200.jpg 300w\" sizes=\"auto, (max-width: 432px) 100vw, 432px\" \/><p id=\"caption-attachment-638\" class=\"wp-caption-text\">Cr\u00e9dit: Darrell Eagles<\/p><\/div>\n<input class=\"fooboxshare_post_id\" type=\"hidden\" value=\"637\"\/>","protected":false},"excerpt":{"rendered":"<p>Acute Care of the Elderly (unit\u00e9 ACE), H\u00f4pital Queensway-Carleton An Evening With Abigail, ench\u00e8res, recherche sur le cancer du sein Grands Fr\u00e8res Grandes Soeurs d&rsquo;Ottawa, Encan d&rsquo;oeuvres d&rsquo;art Canadian Federation of University Women, Scholarship Auction Canadian Advanced Technology Alliance, tournoi de golf &lsquo;Stroke Fore Stroke&rsquo;, Heart &amp; Stroke Foundation of Ontario Canadian Parents for French,&hellip;<\/p>\n","protected":false},"author":2,"featured_media":0,"parent":649,"menu_order":70,"comment_status":"closed","ping_status":"open","template":"","meta":{"_monsterinsights_skip_tracking":false,"_monsterinsights_sitenote_active":false,"_monsterinsights_sitenote_note":"","_monsterinsights_sitenote_category":0,"ngg_post_thumbnail":0,"footnotes":""},"class_list":["post-637","page","type-page","status-publish","hentry"],"_links":{"self":[{"href":"https:\/\/www.johnmlacak.com\/fr\/wp-json\/wp\/v2\/pages\/637","targetHints":{"allow":["GET"]}}],"collection":[{"href":"https:\/\/www.johnmlacak.com\/fr\/wp-json\/wp\/v2\/pages"}],"about":[{"href":"https:\/\/www.johnmlacak.com\/fr\/wp-json\/wp\/v2\/types\/page"}],"author":[{"embeddable":true,"href":"https:\/\/www.johnmlacak.com\/fr\/wp-json\/wp\/v2\/users\/2"}],"replies":[{"embeddable":true,"href":"https:\/\/www.johnmlacak.com\/fr\/wp-json\/wp\/v2\/comments?post=637"}],"version-history":[{"count":0,"href":"https:\/\/www.johnmlacak.com\/fr\/wp-json\/wp\/v2\/pages\/637\/revisions"}],"up":[{"embeddable":true,"href":"https:\/\/www.johnmlacak.com\/fr\/wp-json\/wp\/v2\/pages\/649"}],"wp:attachment":[{"href":"https:\/\/www.johnmlacak.com\/fr\/wp-json\/wp\/v2\/media?parent=637"}],"curies":[{"name":"wp","href":"https:\/\/api.w.org\/{rel}","templated":true}]}}