{"id":546,"date":"2012-02-15T00:26:23","date_gmt":"2012-02-15T05:26:23","guid":{"rendered":"http:\/\/www.chasebrooktest.com\/johnmlacak\/?page_id=546"},"modified":"2016-07-19T20:41:33","modified_gmt":"2016-07-20T00:41:33","slug":"affiliations","status":"publish","type":"page","link":"https:\/\/www.johnmlacak.com\/fr\/etudes\/affiliations\/","title":{"rendered":"Affiliations"},"content":{"rendered":"<div id=\"attachment_621\" style=\"width: 442px\" class=\"wp-caption alignright\"><img loading=\"lazy\" decoding=\"async\" aria-describedby=\"caption-attachment-621\" class=\"size-full wp-image-621 \" title=\"John \u00e0 Charlevoix\" src=\"https:\/\/www.johnmlacak.com\/wp-content\/uploads\/2012\/02\/2004-10-2-JohnPainting4x6Charlevoix2.jpg\" alt=\"John \u00e0 Charlevoix\" width=\"432\" height=\"288\" srcset=\"https:\/\/www.johnmlacak.com\/wp-content\/uploads\/2012\/02\/2004-10-2-JohnPainting4x6Charlevoix2.jpg 432w, https:\/\/www.johnmlacak.com\/wp-content\/uploads\/2012\/02\/2004-10-2-JohnPainting4x6Charlevoix2-150x100.jpg 150w, https:\/\/www.johnmlacak.com\/wp-content\/uploads\/2012\/02\/2004-10-2-JohnPainting4x6Charlevoix2-300x200.jpg 300w\" sizes=\"auto, (max-width: 432px) 100vw, 432px\" \/><p id=\"caption-attachment-621\" class=\"wp-caption-text\">Cr\u00e9dit: Darrell Eagles<\/p><\/div>\n<ul>\n<li>Le Front des artistes canadiens, Ontario (2000-2014)<\/li>\n<li>Conseil des arts d&rsquo;Ottawa (2000-2014)<\/li>\n<li>Kanata Civic Art Gallery (1992-2016)<\/li>\n<li>Soci\u00e9t\u00e9 des artistes canadiens (mai 2009-\u00e9lu)<\/li>\n<li>Soci\u00e9t\u00e9 des artistes de l&rsquo;Ontario (novembre 2006-\u00e9lu)<\/li>\n<\/ul>\n<input class=\"fooboxshare_post_id\" type=\"hidden\" value=\"546\"\/>","protected":false},"excerpt":{"rendered":"<p>Le Front des artistes canadiens, Ontario (2000-2014) Conseil des arts d&rsquo;Ottawa (2000-2014) Kanata Civic Art Gallery (1992-2016) Soci\u00e9t\u00e9 des artistes canadiens (mai 2009-\u00e9lu) Soci\u00e9t\u00e9 des artistes de l&rsquo;Ontario (novembre 2006-\u00e9lu)<\/p>\n","protected":false},"author":2,"featured_media":0,"parent":649,"menu_order":20,"comment_status":"closed","ping_status":"open","template":"","meta":{"_monsterinsights_skip_tracking":false,"_monsterinsights_sitenote_active":false,"_monsterinsights_sitenote_note":"","_monsterinsights_sitenote_category":0,"ngg_post_thumbnail":0,"footnotes":""},"class_list":["post-546","page","type-page","status-publish","hentry"],"_links":{"self":[{"href":"https:\/\/www.johnmlacak.com\/fr\/wp-json\/wp\/v2\/pages\/546","targetHints":{"allow":["GET"]}}],"collection":[{"href":"https:\/\/www.johnmlacak.com\/fr\/wp-json\/wp\/v2\/pages"}],"about":[{"href":"https:\/\/www.johnmlacak.com\/fr\/wp-json\/wp\/v2\/types\/page"}],"author":[{"embeddable":true,"href":"https:\/\/www.johnmlacak.com\/fr\/wp-json\/wp\/v2\/users\/2"}],"replies":[{"embeddable":true,"href":"https:\/\/www.johnmlacak.com\/fr\/wp-json\/wp\/v2\/comments?post=546"}],"version-history":[{"count":0,"href":"https:\/\/www.johnmlacak.com\/fr\/wp-json\/wp\/v2\/pages\/546\/revisions"}],"up":[{"embeddable":true,"href":"https:\/\/www.johnmlacak.com\/fr\/wp-json\/wp\/v2\/pages\/649"}],"wp:attachment":[{"href":"https:\/\/www.johnmlacak.com\/fr\/wp-json\/wp\/v2\/media?parent=546"}],"curies":[{"name":"wp","href":"https:\/\/api.w.org\/{rel}","templated":true}]}}