{"id":494,"date":"2012-02-15T00:19:52","date_gmt":"2012-02-15T05:19:52","guid":{"rendered":"http:\/\/www.chasebrooktest.com\/johnmlacak\/?page_id=494"},"modified":"2022-12-29T21:54:26","modified_gmt":"2022-12-30T02:54:26","slug":"expositions","status":"publish","type":"page","link":"https:\/\/www.johnmlacak.com\/fr\/expositions\/","title":{"rendered":"Expositions"},"content":{"rendered":"<table class=\"table-exhibition\" style=\"width: 735px;\" border=\"0\" cellspacing=\"0\" cellpadding=\"4\">\n<tbody>\n<tr>\n<td style=\"width: 180px;\" valign=\"top\">d\u00e9c. 2015 &#8211;<\/td>\n<td style=\"width: 160px;\" valign=\"top\">Ottawa, Ontario<\/td>\n<td valign=\"top\">Koyman Galleries<\/td>\n<\/tr>\n<tr>\n<td style=\"width: 180px;\" valign=\"top\">17 oct. au 1 nov.<br \/>\n2015<\/td>\n<td style=\"width: 160px;\" valign=\"top\">Ottawa, Ontario<\/td>\n<td valign=\"top\">Koyman Galleries: R\u00e9trospective<\/td>\n<\/tr>\n<tr>\n<td valign=\"top\">24 au 26 octobre<br \/>\n2014<\/td>\n<td valign=\"top\">Ottawa, Ontario<\/td>\n<td valign=\"top\">Exposition d&rsquo;art d&rsquo;Ottawa<\/td>\n<\/tr>\n<tr>\n<td valign=\"top\">23 juillet au 27 ao\u00fbt<br \/>\n2014<\/td>\n<td valign=\"top\">Etobicoke, Ontario<\/td>\n<td valign=\"top\">Etobicoke Art Gallery, Civic Centre, Soci\u00e9t\u00e9 d&rsquo;artistes canadiens, Members Juried Exhibition<\/td>\n<\/tr>\n<tr>\n<td valign=\"top\">avril \u00e0 octobre<br \/>\n2014<\/td>\n<td valign=\"top\">Kanata, Ontario<\/td>\n<td valign=\"top\">Allan\/Snelling Compelling Counsel Law Firm &#8211; Kanata Civic Art Gallery<\/td>\n<\/tr>\n<tr>\n<td valign=\"top\">14 jan. au 31 d\u00e9c.<br \/>\n2014<\/td>\n<td valign=\"top\">Kanata, Ontario<\/td>\n<td valign=\"top\">Hazeldean Mall &#8211; Kanata Civic Art Gallery<\/td>\n<\/tr>\n<\/tbody>\n<\/table>\n<p>&nbsp;<\/p>\n<p>&nbsp;<\/p>\n<h2>Repr\u00e9sentation<\/h2>\n<table class=\"table-exhibition\" style=\"width: 560px;\" border=\"0\" cellspacing=\"0\" cellpadding=\"4\">\n<tbody>\n<tr>\n<td style=\"width: 180px;\" valign=\"top\"><a title=\"Tableaux de John Mlacak\" href=\"http:\/\/www.koymangalleries.com\/artist-view\/john-mlacak\">Koyman Galleries<\/a><\/td>\n<td style=\"width: 160px;\" valign=\"top\">Ottawa, Ontario<\/td>\n<td valign=\"top\"><\/td>\n<\/tr>\n<\/tbody>\n<\/table>\n<p>&nbsp;<\/p>\n<p>&nbsp;<\/p>\n<h2><a title=\"Expositions pr\u00e9c\u00e9dentes\" href=\"http:\/\/www.johnmlacak.com\/fr\/expositions\/expositions-precedentes\/\">Expositions pr\u00e9c\u00e9dentes<\/a><\/h2>\n<input class=\"fooboxshare_post_id\" type=\"hidden\" value=\"494\"\/>","protected":false},"excerpt":{"rendered":"<p>d\u00e9c. 2015 &#8211; Ottawa, Ontario Koyman Galleries 17 oct. au 1 nov. 2015 Ottawa, Ontario Koyman Galleries: R\u00e9trospective 24 au 26 octobre 2014 Ottawa, Ontario Exposition d&rsquo;art d&rsquo;Ottawa 23 juillet au 27 ao\u00fbt 2014 Etobicoke, Ontario Etobicoke Art Gallery, Civic Centre, Soci\u00e9t\u00e9 d&rsquo;artistes canadiens, Members Juried Exhibition avril \u00e0 octobre 2014 Kanata, Ontario Allan\/Snelling Compelling&hellip;<\/p>\n","protected":false},"author":2,"featured_media":0,"parent":0,"menu_order":40,"comment_status":"closed","ping_status":"open","template":"","meta":{"_monsterinsights_skip_tracking":false,"_monsterinsights_sitenote_active":false,"_monsterinsights_sitenote_note":"","_monsterinsights_sitenote_category":0,"ngg_post_thumbnail":0,"footnotes":""},"class_list":["post-494","page","type-page","status-publish","hentry"],"_links":{"self":[{"href":"https:\/\/www.johnmlacak.com\/fr\/wp-json\/wp\/v2\/pages\/494","targetHints":{"allow":["GET"]}}],"collection":[{"href":"https:\/\/www.johnmlacak.com\/fr\/wp-json\/wp\/v2\/pages"}],"about":[{"href":"https:\/\/www.johnmlacak.com\/fr\/wp-json\/wp\/v2\/types\/page"}],"author":[{"embeddable":true,"href":"https:\/\/www.johnmlacak.com\/fr\/wp-json\/wp\/v2\/users\/2"}],"replies":[{"embeddable":true,"href":"https:\/\/www.johnmlacak.com\/fr\/wp-json\/wp\/v2\/comments?post=494"}],"version-history":[{"count":0,"href":"https:\/\/www.johnmlacak.com\/fr\/wp-json\/wp\/v2\/pages\/494\/revisions"}],"wp:attachment":[{"href":"https:\/\/www.johnmlacak.com\/fr\/wp-json\/wp\/v2\/media?parent=494"}],"curies":[{"name":"wp","href":"https:\/\/api.w.org\/{rel}","templated":true}]}}