{"id":490,"date":"2012-02-15T00:20:07","date_gmt":"2012-02-15T15:23:15","guid":{"rendered":"http:\/\/www.chasebrooktest.com\/johnmlacak\/?page_id=490"},"modified":"2012-02-19T21:03:32","modified_gmt":"2012-02-20T02:03:32","slug":"declaration","status":"publish","type":"page","link":"https:\/\/www.johnmlacak.com\/fr\/declaration\/","title":{"rendered":"D\u00e9claration d&rsquo;artiste"},"content":{"rendered":"<h2>Pourquoi je peins &#8211; inspiration et genre<\/h2>\n<div id=\"attachment_1292\" style=\"width: 310px\" class=\"wp-caption alignright\"><img loading=\"lazy\" decoding=\"async\" aria-describedby=\"caption-attachment-1292\" class=\"size-full wp-image-1292\" title=\"John en studio\" src=\"https:\/\/www.johnmlacak.com\/wp-content\/uploads\/2012\/02\/66-67b.jpg\" alt=\"John en studio\" width=\"300\" height=\"320\" srcset=\"https:\/\/www.johnmlacak.com\/wp-content\/uploads\/2012\/02\/66-67b.jpg 300w, https:\/\/www.johnmlacak.com\/wp-content\/uploads\/2012\/02\/66-67b-140x150.jpg 140w, https:\/\/www.johnmlacak.com\/wp-content\/uploads\/2012\/02\/66-67b-281x300.jpg 281w\" sizes=\"auto, (max-width: 300px) 100vw, 300px\" \/><p id=\"caption-attachment-1292\" class=\"wp-caption-text\">Credit: Jacqueline Turpin<\/p><\/div>\n<p>Je suis inspir\u00e9 pour peindre par la beaut\u00e9 de la nature et de son perp\u00e9tuel changement. Ce peut \u00eatre un \u00e9clairage soudain qui suscite mon int\u00e9r\u00eat sur une maison de campagne, une grange, gr\u00e2ce aux aspects d&rsquo;une saison, de ses couleurs ou des d\u00e9tails intrigants qui soul\u00e8vent en moi une \u00e9motion intense et un d\u00e9sir de capter le moment pr\u00e9sent sur une toile. Je suis tr\u00e8s heureux lorsque ma toile termin\u00e9e repr\u00e9sente bien mes \u00e9motions spontan\u00e9es. Le plaisir de cette premi\u00e8re rencontre avec une facette inoubliable de la nature que j&rsquo;ai capt\u00e9e et exprim\u00e9e par ma peinture est la r\u00e9compense d&rsquo;un moment de cr\u00e9ativit\u00e9 intense. Pour atteindre ce lien \u00e9motionnel sans limite entre le peintre et sa toile, je m&rsquo;efforce d&rsquo;obtenir que l&rsquo;amateur s&rsquo;attarde devant mon oeuvre en y d\u00e9couvrant la beaut\u00e9 d&rsquo;une sc\u00e8ne et le moment unique de cr\u00e9ation qui l&rsquo;a fait na\u00eetre.<\/p>\n<h2>Style<\/h2>\n<p>Mes peintures sont g\u00e9n\u00e9ralement repr\u00e9sentatives d&rsquo;un haut degr\u00e9 d&rsquo;expression personnelle. Parfois, elle peut \u00eatre de facture impressionniste. Avec beaucoup d&#8217;emphase dans le dessin, la forme et la couleur, je profite des formes, d&rsquo;un \u00e9clairage dramatique, des ombrages, des couleurs chaudes ou froides, intenses ou toutes en nuances, et avec des mouvements qui procurent de la profondeur aux dessins et aux teintes.<\/p>\n<h2>Esth\u00e9tisme et accent<\/h2>\n<div id=\"attachment_1293\" style=\"width: 160px\" class=\"wp-caption alignright\"><img loading=\"lazy\" decoding=\"async\" aria-describedby=\"caption-attachment-1293\" class=\"size-full wp-image-1293 \" title=\"Behind car\" src=\"https:\/\/www.johnmlacak.com\/wp-content\/uploads\/2012\/02\/BehindCar.jpg\" alt=\"Behind car\" width=\"150\" height=\"278\" \/><p id=\"caption-attachment-1293\" class=\"wp-caption-text\">En plein air<\/p><\/div>\n<p>Mon but est de capter l&rsquo;image d&rsquo;un lieu, et je suis grandement influenc\u00e9 par l&rsquo;\u00e9motion que m&rsquo;inspire la nature dans toute sa beaut\u00e9 et sa force. Les observateurs peuvent consacrer un moment \u00e0 consid\u00e9rer les couleurs des saisons canadiennes au Qu\u00e9bec, soit du magnifique Parc de la Gatineau, de la Petite Rivi\u00e8re Rouge ou du comt\u00e9 de Charlevoix. Plusieurs de mes peintures offrent des vignettes d&rsquo;Ottawa-Carleton ou des images charmantes de voyages dans les Maritimes, la Nouvelle-Angleterre ou en Europe. Ma curiosit\u00e9 s&rsquo;\u00e9veille gr\u00e2ce \u00e0 la lumi\u00e8re et les ombres g\u00e9n\u00e9r\u00e9es par les arbres, et les contours mouvement\u00e9s des chutes d&rsquo;eau et des rapides. R\u00e9cemment, j&rsquo;ai repr\u00e9sent\u00e9 sur une large toile, des terrasses en pierres, des parterres, des entr\u00e9es de fermes et des sc\u00e8nes du temps pass\u00e9. J&rsquo;ai aussi re\u00e7u beaucoup de r\u00e9ponses enthousiastes pour mes huiles miniatures.<\/p>\n<h2>Technique<\/h2>\n<p>Je peins surtout \u00e0 l&rsquo;huile, utilisant une technique laissant voir les coups de pinceaux typiques du gras-sur-gras, gras-sur-mince, avec des lisi\u00e8res prononc\u00e9es et douces, des glacis \u00e0 la fois transparents et opaques. J&rsquo;utilise un design fort, des transitions dynamiques et parfois j&rsquo;interpr\u00e8te le paysage en dramatisant l&rsquo;intensit\u00e9, l&rsquo;\u00e9clat et l&rsquo;impact des couleurs.<\/p>\n<input class=\"fooboxshare_post_id\" type=\"hidden\" value=\"490\"\/>","protected":false},"excerpt":{"rendered":"<p>Pourquoi je peins &#8211; inspiration et genre Je suis inspir\u00e9 pour peindre par la beaut\u00e9 de la nature et de son perp\u00e9tuel changement. Ce peut \u00eatre un \u00e9clairage soudain qui suscite mon int\u00e9r\u00eat sur une maison de campagne, une grange, gr\u00e2ce aux aspects d&rsquo;une saison, de ses couleurs ou des d\u00e9tails intrigants qui soul\u00e8vent en&hellip;<\/p>\n","protected":false},"author":2,"featured_media":0,"parent":0,"menu_order":50,"comment_status":"closed","ping_status":"open","template":"","meta":{"_monsterinsights_skip_tracking":false,"_monsterinsights_sitenote_active":false,"_monsterinsights_sitenote_note":"","_monsterinsights_sitenote_category":0,"ngg_post_thumbnail":0,"footnotes":""},"class_list":["post-490","page","type-page","status-publish","hentry"],"_links":{"self":[{"href":"https:\/\/www.johnmlacak.com\/fr\/wp-json\/wp\/v2\/pages\/490","targetHints":{"allow":["GET"]}}],"collection":[{"href":"https:\/\/www.johnmlacak.com\/fr\/wp-json\/wp\/v2\/pages"}],"about":[{"href":"https:\/\/www.johnmlacak.com\/fr\/wp-json\/wp\/v2\/types\/page"}],"author":[{"embeddable":true,"href":"https:\/\/www.johnmlacak.com\/fr\/wp-json\/wp\/v2\/users\/2"}],"replies":[{"embeddable":true,"href":"https:\/\/www.johnmlacak.com\/fr\/wp-json\/wp\/v2\/comments?post=490"}],"version-history":[{"count":0,"href":"https:\/\/www.johnmlacak.com\/fr\/wp-json\/wp\/v2\/pages\/490\/revisions"}],"wp:attachment":[{"href":"https:\/\/www.johnmlacak.com\/fr\/wp-json\/wp\/v2\/media?parent=490"}],"curies":[{"name":"wp","href":"https:\/\/api.w.org\/{rel}","templated":true}]}}