{"id":447,"date":"2012-02-15T00:18:44","date_gmt":"2012-02-15T05:18:44","guid":{"rendered":"http:\/\/www.chasebrooktest.com\/johnmlacak\/?page_id=447"},"modified":"2019-04-03T22:32:36","modified_gmt":"2019-04-04T02:32:36","slug":"acceuil","status":"publish","type":"page","link":"https:\/\/www.johnmlacak.com\/fr\/","title":{"rendered":"Accueil"},"content":{"rendered":"\n\t\t\t<img decoding=\"async\" src=\"https:\/\/www.johnmlacak.com\/wp-content\/uploads\/2016\/07\/slidek.jpg\" alt=\"\" \/>\t\t\t\n\t\t\t<img decoding=\"async\" src=\"https:\/\/www.johnmlacak.com\/wp-content\/uploads\/2019\/03\/slide2b.jpg\" alt=\"\" \/>\t\t\t\n\t\t\t<img decoding=\"async\" src=\"https:\/\/www.johnmlacak.com\/wp-content\/uploads\/2019\/03\/slide3b.jpg\" alt=\"\" \/>\t\t\t\n\t\t\t<img decoding=\"async\" src=\"https:\/\/www.johnmlacak.com\/wp-content\/uploads\/2019\/03\/slide1b.jpg\" alt=\"\" \/>\t\t\t\n\t<a href=\"https:\/\/www.johnmlacak.com\/fr\/tableaux\/\"><img loading=\"lazy\" decoding=\"async\" title=\"Voir tableaux\" src=\"https:\/\/www.johnmlacak.com\/wp-content\/uploads\/2012\/02\/Voirbutton5.png\" alt=\"bouton Voir tableaux\" width=\"290\" height=\"100\" \/><\/a>\n\t<a href=\"https:\/\/www.johnmlacak.com\/fr\/blog\/\"><img loading=\"lazy\" decoding=\"async\" title=\"Nouvelles\" src=\"https:\/\/www.johnmlacak.com\/wp-content\/uploads\/2012\/02\/Nouvellesbutton4.png\" alt=\"bouton Nouvelles\" width=\"290\" height=\"100\" \/><\/a>\n\t<a href=\"https:\/\/www.johnmlacak.com\/fr\/etudes\/comment-acheter\/\"><img loading=\"lazy\" decoding=\"async\" title=\"Comment acheter\" src=\"https:\/\/www.johnmlacak.com\/wp-content\/uploads\/2012\/02\/Acheterbutton4.png\" alt=\"bouton Comment acheter\" width=\"290\" height=\"100\" \/><\/a>\n<p><em>Peintures \u00e0 l\u2019huile de style impressionniste qui mettent en valeur les couleurs vives et la luminosit\u00e9 \u00e9clatante de paysages canadiens. L\u2019artiste am\u00e8ne ainsi le spectateur \u00e0 partager son exp\u00e9rience &#8230; <a title=\"D\u00e9claration d'artiste\" href=\"fr\/declaration\/\">Autres infos<\/a><\/em><\/p>\n\t<h3>Contact<\/h3>\n\tKoyman Galleries<br \/>\n613-526-1562<br \/>\n<a href=\"mailto:information@KoymanGalleries.com\">information@KoymanGalleries.com<\/a>\n\t<h3>Facebook<\/h3>\n\t<a href=\"https:\/\/www.facebook.com\/johnmlacakfineart\/\"><img decoding=\"async\" src=\"https:\/\/www.johnmlacak.com\/wp-content\/uploads\/2012\/02\/facebook-logo.jpg\"><\/a>\n\t<h3>Rechercher<\/h3>\n<input class=\"fooboxshare_post_id\" type=\"hidden\" value=\"447\"\/>","protected":false},"excerpt":{"rendered":"<p>Peintures \u00e0 l\u2019huile de style impressionniste qui mettent en valeur les couleurs vives et la luminosit\u00e9 \u00e9clatante de paysages canadiens. L\u2019artiste am\u00e8ne ainsi le spectateur \u00e0 partager son exp\u00e9rience &#8230; Autres infos Contact Koyman Galleries 613-526-1562 information@KoymanGalleries.com Facebook Rechercher<\/p>\n","protected":false},"author":2,"featured_media":0,"parent":0,"menu_order":10,"comment_status":"closed","ping_status":"open","template":"","meta":{"_monsterinsights_skip_tracking":false,"_monsterinsights_sitenote_active":false,"_monsterinsights_sitenote_note":"","_monsterinsights_sitenote_category":0,"ngg_post_thumbnail":0,"footnotes":""},"class_list":["post-447","page","type-page","status-publish","hentry"],"_links":{"self":[{"href":"https:\/\/www.johnmlacak.com\/fr\/wp-json\/wp\/v2\/pages\/447","targetHints":{"allow":["GET"]}}],"collection":[{"href":"https:\/\/www.johnmlacak.com\/fr\/wp-json\/wp\/v2\/pages"}],"about":[{"href":"https:\/\/www.johnmlacak.com\/fr\/wp-json\/wp\/v2\/types\/page"}],"author":[{"embeddable":true,"href":"https:\/\/www.johnmlacak.com\/fr\/wp-json\/wp\/v2\/users\/2"}],"replies":[{"embeddable":true,"href":"https:\/\/www.johnmlacak.com\/fr\/wp-json\/wp\/v2\/comments?post=447"}],"version-history":[{"count":0,"href":"https:\/\/www.johnmlacak.com\/fr\/wp-json\/wp\/v2\/pages\/447\/revisions"}],"wp:attachment":[{"href":"https:\/\/www.johnmlacak.com\/fr\/wp-json\/wp\/v2\/media?parent=447"}],"curies":[{"name":"wp","href":"https:\/\/api.w.org\/{rel}","templated":true}]}}