{"id":353,"date":"2008-02-18T10:09:47","date_gmt":"2008-02-18T15:09:47","guid":{"rendered":"http:\/\/www.chasebrooktest.com\/johnmlacak\/about-2\/"},"modified":"2016-07-19T20:54:09","modified_gmt":"2016-07-20T00:54:09","slug":"bio","status":"publish","type":"page","link":"https:\/\/www.johnmlacak.com\/fr\/bio\/","title":{"rendered":"Biographie"},"content":{"rendered":"<p>John Mlacak, de Kanata, \u00e9tait un artiste peintre passionn\u00e9 par la peinture \u00e0 l&rsquo;huile en plein air. Ses oeuvres valorisent les couleurs dramatiques des saisons canadiennes, ainsi que les verts et rouges vibrants des toits des fermes et des villages qu\u00e9b\u00e9cois. Il \u00e9tait fascin\u00e9 par le jeu d&rsquo;ombre et de lumi\u00e8re qui se d\u00e9gage du feuillage des arbres ainsi qu&rsquo;au-dessus des torrents blancs des rapides tourbillonnants.<\/p>\n<div id=\"attachment_520\" style=\"width: 229px\" class=\"wp-caption alignright\"><img loading=\"lazy\" decoding=\"async\" aria-describedby=\"caption-attachment-520\" class=\"size-full wp-image-520 \" title=\"John Mlacak\" src=\"https:\/\/www.johnmlacak.com\/wp-content\/uploads\/2008\/02\/11.jpg\" alt=\"John Mlacak photo\" width=\"219\" height=\"240\" srcset=\"https:\/\/www.johnmlacak.com\/wp-content\/uploads\/2008\/02\/11.jpg 219w, https:\/\/www.johnmlacak.com\/wp-content\/uploads\/2008\/02\/11-136x150.jpg 136w\" sizes=\"auto, (max-width: 219px) 100vw, 219px\" \/><p id=\"caption-attachment-520\" class=\"wp-caption-text\">CREDIT: Siobhan Mlacak<\/p><\/div>\n<p>John cr\u00e9ait de grandes toiles illustrant des terrasses de pierre, des jardins fleuris, des v\u00e9randas et des sc\u00e8nes impressionnistes d&rsquo;antan bien qu&rsquo;en revenant toujours \u00e0 la splendeur des paysages canadiens. Ses tableaux en plein air transportent le spectateur \u00e0 travers le magnifique Parc de la Gatineau, la Rivi\u00e8re Rouge et la r\u00e9gion de Charlevoix au Qu\u00e9bec. D&rsquo;autres tableaux repr\u00e9sentent des paysages de la r\u00e9gion d&rsquo;Ottawa et de ses voyages aux Maritimes, en Nouvelle Angleterre, et en Europe. Il consid\u00e9rait son art comme une suite de son int\u00e9r\u00eat dans le design pendant sa carri\u00e8re d&rsquo;ing\u00e9nieur.<\/p>\n<p>John a peint depuis trente ans et en a fait sa profession. Ses oeuvres sont tr\u00e8s demand\u00e9es, et ses pairs l&rsquo;estiment bien. Il a \u00e9t\u00e9 repr\u00e9sent\u00e9 aux galeries d&rsquo;Ontario et du Qu\u00e9bec ainsi que dans les collections priv\u00e9es et publiques d&rsquo;Am\u00e9rique du Sud, d&rsquo;Australie, du Canada, du Cor\u00e9e, des Etats-Unis, d&rsquo;Europe, d&rsquo;Indon\u00e9sie et du Japon. John a \u00e9t\u00e9 \u00e9lu \u00e0 la Soci\u00e9t\u00e9 des Artistes Canadiens (SAC) en mai 2009 et a \u00e9t\u00e9 \u00e9lu \u00e0 la Soci\u00e9t\u00e9 des Artistes de l&rsquo;Ontario en 2006.<\/p>\n<div id=\"attachment_521\" style=\"width: 310px\" class=\"wp-caption alignleft\"><img loading=\"lazy\" decoding=\"async\" aria-describedby=\"caption-attachment-521\" class=\" wp-image-521 \" title=\"John \u00e0 l'oeuvre\" src=\"https:\/\/www.johnmlacak.com\/wp-content\/uploads\/2008\/02\/21.jpg\" alt=\"John \u00e0 l'oeuvre\" width=\"300\" height=\"232\" srcset=\"https:\/\/www.johnmlacak.com\/wp-content\/uploads\/2008\/02\/21.jpg 300w, https:\/\/www.johnmlacak.com\/wp-content\/uploads\/2008\/02\/21-150x116.jpg 150w\" sizes=\"auto, (max-width: 300px) 100vw, 300px\" \/><p id=\"caption-attachment-521\" class=\"wp-caption-text\">CREDIT: George Hutchison<\/p><\/div>\n<p>John a \u00e9tudi\u00e9 la peinture avec plusieurs artistes de renom. Notamment, deux contemporains canadiens, aujourd&rsquo;hui d\u00e9c\u00e9d\u00e9s, Brodie Shearer et Bruce Heggtveit l&rsquo;ont influenc\u00e9.\u00a0 Il admirait beaucoup Tom Thomson et le Groupe des Sept du Canada ainsi que les impressionnistes fran\u00e7ais. John exposait r\u00e9guli\u00e8rement en groupe et en solo et il a gagn\u00e9 plusieurs prix d\u00e9cern\u00e9s par jury. On respecte beaucoup sa g\u00e9n\u00e9rosit\u00e9 de contribution d&rsquo;oeuvres \u00e0 de nombreuses charit\u00e9s.<\/p>\n<p>Le 29 octobre 2010, le Maire Jim Watson a offert \u00e0 John le prix \u00ab\u00a0Lucille Broadbent Award for Artistic Achievement\u00a0\u00bb lors du 2e annuel Expo d&rsquo;art d&rsquo;Ottawa.<\/p>\n<p>Apr\u00e8s une carri\u00e8re de 35 ans avec Bell-Northern Research, John Mlacak a pris sa retraite en 1994. Il a consacr\u00e9 onze ans aux affaires politiques municipales et r\u00e9gionales d&rsquo;Ottawa, et il a \u00e9t\u00e9 commissaire pendant trois ans au sein de la Commission de la capitale nationale. John a \u00e9t\u00e9 membre de la Comit\u00e9 des Conseils pour une Identit\u00e9 Visuel au sein du Conseil de Transition en 2000 qui avait pour but de recommander des symboles civiques pour la nouvelle amalgamation de la ville d&rsquo;Ottawa.<\/p>\n<p>John et sa femme, Beth, vivaient \u00e0 Kanata depuis 1965. Ils ont trois enfants dont Bill, qui vit au New Hampshire avec sa femme et deux filles, Kirsten, habitant avec son mari en Australie et Siobhan \u00e0 Paris en France.<\/p>\n<p>Outre la musique et la politique, il aimait bien faire de la bicyclette et s&rsquo;int\u00e9resse \u00e0 la photographie.<\/p>\n<p>John est d\u00e9c\u00e9d\u00e9 le 19 septembre 2014.<\/p>\n<input class=\"fooboxshare_post_id\" type=\"hidden\" value=\"353\"\/>","protected":false},"excerpt":{"rendered":"<p>John Mlacak, de Kanata, \u00e9tait un artiste peintre passionn\u00e9 par la peinture \u00e0 l&rsquo;huile en plein air. Ses oeuvres valorisent les couleurs dramatiques des saisons canadiennes, ainsi que les verts et rouges vibrants des toits des fermes et des villages qu\u00e9b\u00e9cois. Il \u00e9tait fascin\u00e9 par le jeu d&rsquo;ombre et de lumi\u00e8re qui se d\u00e9gage du&hellip;<\/p>\n","protected":false},"author":3,"featured_media":0,"parent":0,"menu_order":30,"comment_status":"closed","ping_status":"open","template":"","meta":{"_monsterinsights_skip_tracking":false,"_monsterinsights_sitenote_active":false,"_monsterinsights_sitenote_note":"","_monsterinsights_sitenote_category":0,"ngg_post_thumbnail":0,"footnotes":""},"class_list":["post-353","page","type-page","status-publish","hentry"],"_links":{"self":[{"href":"https:\/\/www.johnmlacak.com\/fr\/wp-json\/wp\/v2\/pages\/353","targetHints":{"allow":["GET"]}}],"collection":[{"href":"https:\/\/www.johnmlacak.com\/fr\/wp-json\/wp\/v2\/pages"}],"about":[{"href":"https:\/\/www.johnmlacak.com\/fr\/wp-json\/wp\/v2\/types\/page"}],"author":[{"embeddable":true,"href":"https:\/\/www.johnmlacak.com\/fr\/wp-json\/wp\/v2\/users\/3"}],"replies":[{"embeddable":true,"href":"https:\/\/www.johnmlacak.com\/fr\/wp-json\/wp\/v2\/comments?post=353"}],"version-history":[{"count":0,"href":"https:\/\/www.johnmlacak.com\/fr\/wp-json\/wp\/v2\/pages\/353\/revisions"}],"wp:attachment":[{"href":"https:\/\/www.johnmlacak.com\/fr\/wp-json\/wp\/v2\/media?parent=353"}],"curies":[{"name":"wp","href":"https:\/\/api.w.org\/{rel}","templated":true}]}}