{"id":2006,"date":"2012-02-25T22:30:00","date_gmt":"2012-02-26T03:30:00","guid":{"rendered":"http:\/\/www.chasebrooktest.com\/johnmlacak\/?page_id=2006"},"modified":"2016-07-20T14:41:36","modified_gmt":"2016-07-20T18:41:36","slug":"expositions-precedentes","status":"publish","type":"page","link":"https:\/\/www.johnmlacak.com\/fr\/expositions\/expositions-precedentes\/","title":{"rendered":"Expositions pr\u00e9c\u00e9dentes"},"content":{"rendered":"<h2>Expositions &#8211; 2013<\/h2>\n<table class=\"table-exhibition\" style=\"width: 735px;\" border=\"0\" cellspacing=\"0\" cellpadding=\"4\">\n<tbody>\n<tr>\n<td valign=\"top\" width=\"180\">3 f\u00e9vrier<\/td>\n<td valign=\"top\" width=\"200\">Nepean, Ontario<\/td>\n<td valign=\"top\">Art for the Heart<\/td>\n<\/tr>\n<tr>\n<td valign=\"top\">4 au 16 juin<\/td>\n<td valign=\"top\">Montr\u00e9al, Qu\u00e9bec<\/td>\n<td valign=\"top\">Affaire de famille<\/td>\n<\/tr>\n<tr>\n<td valign=\"top\">25 au 27 octobre<\/td>\n<td valign=\"top\">Ottawa, Ontario<\/td>\n<td valign=\"top\">5e exposition annuelle d&rsquo;art d&rsquo;Ottawa<\/td>\n<\/tr>\n<tr>\n<td valign=\"top\">10 novembre au 22 d\u00e9cembre<\/td>\n<td valign=\"top\">Perth, Ontario<\/td>\n<td valign=\"top\">Perth Gallery, \u00ab\u00a0A Change of Art\u00a0\u00bb<\/td>\n<\/tr>\n<tr>\n<td valign=\"top\">16 au 17 novembre<\/td>\n<td valign=\"top\">Kanata, Ontario<\/td>\n<td valign=\"top\">22e annuelle \u00ab\u00a0Gift of Art\u00a0\u00bb, Kanata Civic Art Gallery<\/td>\n<\/tr>\n<\/tbody>\n<\/table>\n<p>[space size=20]<\/p>\n<h2>Expositions &#8211; 2012<\/h2>\n<table class=\"table-exhibition\" style=\"width: 735px;\" border=\"0\" cellspacing=\"0\" cellpadding=\"4\">\n<tbody>\n<tr>\n<td valign=\"top\" width=\"180\">20 f\u00e9vrier<\/td>\n<td valign=\"top\" width=\"200\">Nepean, Ontario<\/td>\n<td valign=\"top\">Art for the Heart<\/td>\n<\/tr>\n<tr>\n<td valign=\"top\">30 mai au 14 juillet<\/td>\n<td valign=\"top\">Aurora, Ontario<\/td>\n<td valign=\"top\">Soci\u00e9t\u00e9 des artistes d&rsquo;Ontario 140e anniversaire, Exposition des membres, Aurora Cultural Centre<\/td>\n<\/tr>\n<tr>\n<td valign=\"top\">30 sept au 31 d\u00e9c<\/td>\n<td valign=\"top\">Halifax, Nouvelle-Ecosse<\/td>\n<td valign=\"top\">Soci\u00e9t\u00e9 des artistes canadiennes, Exposition des membre \u00e9lus,<br \/>\nau Club Halifax<\/td>\n<\/tr>\n<tr>\n<td valign=\"top\">26 au 28 octobre<\/td>\n<td valign=\"top\">Ottawa, Ontario<\/td>\n<td valign=\"top\">Ottawa Art Expo<\/td>\n<\/tr>\n<tr>\n<td valign=\"top\">17 au 18 novembre<\/td>\n<td valign=\"top\">Kanata, Ontario<\/td>\n<td valign=\"top\">Kanata Civic Art Gallery, 20e \u00ab\u00a0Gift of Art\u00a0\u00bb<\/td>\n<\/tr>\n<\/tbody>\n<\/table>\n<p>[space size=20]<\/p>\n<h2>Expositions &#8211; 2011<\/h2>\n<table class=\"table-exhibition\" style=\"width: 735px;\" border=\"0\" cellspacing=\"0\" cellpadding=\"4\">\n<tbody>\n<tr>\n<td valign=\"top\" width=\"180\">20 f\u00e9vrier<\/td>\n<td valign=\"top\" width=\"200\">Nepean, Ontario<\/td>\n<td valign=\"top\">Art for the Heart<\/td>\n<\/tr>\n<tr>\n<td valign=\"top\">4 au 24 avril<\/td>\n<td valign=\"top\">Kanata, Ontario<\/td>\n<td valign=\"top\">Tay Gallery<\/td>\n<\/tr>\n<tr>\n<td valign=\"top\">1 juillet<\/td>\n<td valign=\"top\">Ottawa, Ontario<\/td>\n<td valign=\"top\">Christ Church Cathedral<\/td>\n<\/tr>\n<tr>\n<td valign=\"top\">24 au 25 septembre<\/td>\n<td valign=\"top\">Ottawa, Ontario<\/td>\n<td valign=\"top\">Exposition beaux arts de Glebe<\/td>\n<\/tr>\n<tr>\n<td valign=\"top\">28 au 30 octobre<\/td>\n<td valign=\"top\">Ottawa, Ontario<\/td>\n<td valign=\"top\">Ottawa Art Expo<\/td>\n<\/tr>\n<tr>\n<td valign=\"top\">19 au 20 novembre<\/td>\n<td valign=\"top\">Kanata, Ontario<\/td>\n<td valign=\"top\">Galerie civique de Kanata , 19e \u00ab\u00a0Gift of Art\u00a0\u00bb<\/td>\n<\/tr>\n<\/tbody>\n<\/table>\n<p>[space size=20]<\/p>\n<h2>Expositions &#8211; 2010<\/h2>\n<table class=\"table-exhibition\" style=\"width: 735px;\" border=\"0\" cellspacing=\"0\" cellpadding=\"4\">\n<tbody>\n<tr>\n<td valign=\"top\" width=\"180\">10 au 27 janvier<\/td>\n<td valign=\"top\" width=\"200\">Chelsea, Qu\u00e9bec<\/td>\n<td valign=\"top\">Galerie Old Chelsea, 5e annuel \u00ab\u00a0Plein air ensemble\u00a0\u00bb<\/td>\n<\/tr>\n<tr>\n<td valign=\"top\">24 au 28 f\u00e9vrier<\/td>\n<td valign=\"top\">Toronto, Ontario<\/td>\n<td valign=\"top\">Toronto Art Expo<\/td>\n<\/tr>\n<tr>\n<td valign=\"top\">25 avril au 30 mai<\/td>\n<td valign=\"top\">Pointe Claire, Qu\u00e9bec<\/td>\n<td valign=\"top\">La Sir\u00e8ne de la Mer Restaurant\/Galerie<\/td>\n<\/tr>\n<tr>\n<td valign=\"top\">29 ao\u00fbt au 1 oct.<\/td>\n<td valign=\"top\">Buckhorn, Ontario<\/td>\n<td valign=\"top\">Gallery on the Lake (solo)<\/td>\n<\/tr>\n<tr>\n<td valign=\"top\">25 au 26 septembre<\/td>\n<td valign=\"top\">Ottawa, Ontario<\/td>\n<td valign=\"top\">Exposition beaux arts de Glebe<\/td>\n<\/tr>\n<tr>\n<td valign=\"top\">29 au 31 octobre<\/td>\n<td valign=\"top\">Ottawa, Ontario<\/td>\n<td valign=\"top\">Ottawa Art Expo<\/td>\n<\/tr>\n<tr>\n<td valign=\"top\">20 au 21 novembre<\/td>\n<td valign=\"top\">Kanata, Ontario<\/td>\n<td valign=\"top\">Galerie civique de Kanata,<br \/>\n18e \u00ab\u00a0Gift of Art\u00a0\u00bb<\/td>\n<\/tr>\n<tr>\n<td valign=\"top\">1 au 13 d\u00e9cembre<\/td>\n<td valign=\"top\">Ste-Anne-de-Bellevue, Qu\u00e9bec<\/td>\n<td valign=\"top\">Galerie Ouest, Expo Petits Joyaux, Soci\u00e9t\u00e9 des Artistes Canadiens, membres \u00e9lus<\/td>\n<\/tr>\n<\/tbody>\n<\/table>\n<p>[space size=20]<\/p>\n<h2>Expositions &#8211; 2009<\/h2>\n<table class=\"table-exhibition\" style=\"width: 735px;\" border=\"0\" cellspacing=\"0\" cellpadding=\"4\">\n<tbody>\n<tr>\n<td valign=\"top\" width=\"180\">9 au 28 janvier<\/td>\n<td valign=\"top\" width=\"200\">Chelsea, Qu\u00e9bec<\/td>\n<td valign=\"top\">Galerie Old Chelsea, 4e annuel \u00ab\u00a0Plein air ensemble\u00a0\u00bb<\/td>\n<\/tr>\n<tr>\n<td valign=\"top\">19 au 22 mars<\/td>\n<td valign=\"top\">Toronto, Ontario<\/td>\n<td valign=\"top\">Toronto Art Expo<\/td>\n<\/tr>\n<tr>\n<td valign=\"top\">13 au 24 mai<\/td>\n<td valign=\"top\">Toronto, Ontario<\/td>\n<td valign=\"top\">Soci\u00e9t\u00e9 des Artistes Canadiens,<br \/>\n41e Open National Juried Exhibition,<br \/>\nPapermill Gallery, Todmorden Mills Museum<\/td>\n<\/tr>\n<tr>\n<td valign=\"top\">22 mai au 31 mai<\/td>\n<td valign=\"top\">Ottawa, Ontario<\/td>\n<td valign=\"top\">Universit\u00e9 de Carleton, Congr\u00e8s 2009, The Congress of Humanities &amp; Social Sciences, \u00ab\u00a0Canadian Visual Artists of Slavic Heritage\u00a0\u00bb<\/td>\n<\/tr>\n<tr>\n<td valign=\"top\">28 mai au 12 juillet<\/td>\n<td valign=\"top\">Merrickville, Ontario<\/td>\n<td valign=\"top\">Galerie Judith Moore<\/td>\n<\/tr>\n<tr>\n<td valign=\"top\">19 juin au 28 ao\u00fbt<\/td>\n<td valign=\"top\">Ottawa, Ontario<\/td>\n<td valign=\"top\">Conseil des arts d&rsquo;Ottawa, Salon estival<\/td>\n<\/tr>\n<tr>\n<td valign=\"top\">29 juin au 9 ao\u00fbt<\/td>\n<td valign=\"top\">Brockville, Ontario<\/td>\n<td valign=\"top\">Galerie Marianne van Silfhout, College St. Laurent, 2e annuel exposition jury<\/td>\n<\/tr>\n<tr>\n<td valign=\"top\">10 juillet au juillet<\/td>\n<td valign=\"top\">Saint John, New Brunswick<\/td>\n<td valign=\"top\">Soci\u00e9t\u00e9 des Artistes Canadiens, Exposition \u00ab\u00a0Roots\u00a0\u00bb, Centre des arts Saint John<\/td>\n<\/tr>\n<tr>\n<td valign=\"top\">4 ao\u00fbt au 9 octobre<\/td>\n<td valign=\"top\">Owen Sound, Ontario<\/td>\n<td valign=\"top\">Galerie de Boer, la soci\u00e9t\u00e9 des artistes de l&rsquo;Ontario, expositions de l&rsquo;\u00e9t\u00e9<\/td>\n<\/tr>\n<tr>\n<td valign=\"top\">21 au 23 ao\u00fbt<\/td>\n<td valign=\"top\">Westport, Ontario<\/td>\n<td valign=\"top\">Festival d&rsquo;art de Rideau Vallery<\/td>\n<\/tr>\n<tr>\n<td valign=\"top\">5 au 6 septembre<\/td>\n<td valign=\"top\">Ottawa, Ontario<\/td>\n<td valign=\"top\">Exposition beaux arts de Glebe<\/td>\n<\/tr>\n<tr>\n<td valign=\"top\">24 et 25 octobre<\/td>\n<td valign=\"top\">Rockland, Ontario<\/td>\n<td valign=\"top\">Coloris-sur-la-Baie<\/td>\n<\/tr>\n<tr>\n<td valign=\"top\">21 et 22 novembre<\/td>\n<td valign=\"top\">Kanata, Ontario<\/td>\n<td valign=\"top\">\u00ab\u00a0Gift of Art\u00a0\u00bb Galerie Kanata, exposition et vente de No\u00ebl<\/td>\n<\/tr>\n<\/tbody>\n<\/table>\n<p>[space size=20]<\/p>\n<h2>Expositions &#8211; 2008<\/h2>\n<table class=\"table-exhibition\" style=\"width: 735px;\" border=\"0\" cellspacing=\"0\" cellpadding=\"4\">\n<tbody>\n<tr>\n<td valign=\"top\" width=\"180\">13 janvier au<br \/>\n27 f\u00e9vrier<\/td>\n<td valign=\"top\" width=\"200\">Chelsea, Qu\u00e9bec<\/td>\n<td valign=\"top\">Galerie Old Chelsea<\/td>\n<\/tr>\n<tr>\n<td valign=\"top\">4 avril au 25 avril<\/td>\n<td valign=\"top\">Ottawa, Ontario<\/td>\n<td valign=\"top\">Ambassade de Croatie<\/td>\n<\/tr>\n<tr>\n<td valign=\"top\">13 avril au 30 juin<\/td>\n<td valign=\"top\">Perth, Ontario<\/td>\n<td valign=\"top\">Galerie Perth, Exposition de groupe<\/td>\n<\/tr>\n<tr>\n<td valign=\"top\">3 et 4 mai<\/td>\n<td valign=\"top\">Gatineau, Qu\u00e9bec<\/td>\n<td valign=\"top\">Images sur toile<\/td>\n<\/tr>\n<tr>\n<td valign=\"top\">25 mai et 1 juin<\/td>\n<td valign=\"top\">Stittsville, Ontario<\/td>\n<td valign=\"top\">Restaurant Issac&rsquo;s 64 Hundred<\/td>\n<\/tr>\n<tr>\n<td valign=\"top\">6 septembre au<br \/>\n18 octobre<\/td>\n<td valign=\"top\">Merrickville, Ontario<\/td>\n<td valign=\"top\">Galerie Judith Moore, \u00ab\u00a0en plein air\u00a0\u00bb<\/td>\n<\/tr>\n<tr>\n<td valign=\"top\">25 et 26 octobre<\/td>\n<td valign=\"top\">Rockland, Ontario<\/td>\n<td valign=\"top\">Coloris-sur-la-Baie<\/td>\n<\/tr>\n<tr>\n<td valign=\"top\">22 et 23 novembre<\/td>\n<td valign=\"top\">Kanata, Ontario<\/td>\n<td valign=\"top\">\u00ab\u00a0Gift of Art\u00a0\u00bb, Galerie Kanata<br \/>\nExposition et vente de No\u00ebl<\/td>\n<\/tr>\n<\/tbody>\n<\/table>\n<p>[space size=20]<\/p>\n<h2>Expositions &#8211; 2007<\/h2>\n<table class=\"table-exhibition\" style=\"width: 735px;\" border=\"0\" cellspacing=\"0\" cellpadding=\"4\">\n<tbody>\n<tr>\n<td valign=\"top\" width=\"180\">11 sept. 2006 au<br \/>\n28 f\u00e9vrier 2007<\/td>\n<td valign=\"top\" width=\"200\">Perth, Ontario<\/td>\n<td valign=\"top\">Galerie Perth (solo)<\/td>\n<\/tr>\n<tr>\n<td valign=\"top\">13 janvier au<br \/>\n14 f\u00e9vrier<\/td>\n<td valign=\"top\">Chelsea, Qu\u00e9bec<\/td>\n<td valign=\"top\">Galerie Old Chelsea<\/td>\n<\/tr>\n<tr>\n<td valign=\"top\">6 au 30 mars<\/td>\n<td valign=\"top\">Toronto, Ontario<\/td>\n<td valign=\"top\">Galerie John B. Aird (Soci\u00e9t\u00e9 des artistes de l&rsquo;Ontario)<\/td>\n<\/tr>\n<tr>\n<td valign=\"top\">15 au 18 mars<\/td>\n<td valign=\"top\">Toronto, Ontario<\/td>\n<td valign=\"top\">Toronto Art Expo<\/td>\n<\/tr>\n<tr>\n<td valign=\"top\">11 au 13 mai<\/td>\n<td valign=\"top\">Ottawa, Ontario<\/td>\n<td valign=\"top\">Festival des arts d&rsquo;Ottawa<\/td>\n<\/tr>\n<tr>\n<td valign=\"top\">30 mai au 17 juin<\/td>\n<td valign=\"top\">Ottawa, Ontario<\/td>\n<td valign=\"top\">Galerie Cube (La Soci\u00e9t\u00e9 des artistes de l&rsquo;Ontario)<\/td>\n<\/tr>\n<tr>\n<td valign=\"top\">17 juin au<br \/>\n11 juillet<\/td>\n<td valign=\"top\">Chelsea, Qu\u00e9bec<\/td>\n<td valign=\"top\">Galerie Old Chelsea (solo)<\/td>\n<\/tr>\n<tr>\n<td valign=\"top\">12 au 22 ao\u00fbt<\/td>\n<td valign=\"top\">Montr\u00e9al, Qu\u00e9bec<\/td>\n<td valign=\"top\">Galerie Tudor, Ogilvy (Soci\u00e9t\u00e9 des artistes canadiens)<\/td>\n<\/tr>\n<tr>\n<td valign=\"top\">3 au 29 ao\u00fbt<\/td>\n<td valign=\"top\">Nepean, Ontario<\/td>\n<td valign=\"top\">Galerie Th\u00e9atre Centrepointe (Assoc. d&rsquo;Art E. Central Ont.)<\/td>\n<\/tr>\n<tr>\n<td valign=\"top\">28 ao\u00fbt au<br \/>\n28 septembre<\/td>\n<td valign=\"top\">Toronto, Ontario<\/td>\n<td valign=\"top\">Galerie John B. Aird (Soci\u00e9t\u00e9 des artistes de l&rsquo;Ontario), exposition de membres nouveaux<\/td>\n<\/tr>\n<tr>\n<td valign=\"top\">27 et\u00a0 28 octobre<\/td>\n<td valign=\"top\">Rockland, Ontario<\/td>\n<td valign=\"top\">Coloris sur la Baie (La R\u00e9sidence Jardins Belle Rive<\/td>\n<\/tr>\n<tr>\n<td valign=\"top\">30 octobre au 1 novembre<\/td>\n<td valign=\"top\">Ottawa, Ontario<\/td>\n<td valign=\"top\">ExpoArt Ottawa<\/td>\n<\/tr>\n<tr>\n<td valign=\"top\">25 et 26 novembre<\/td>\n<td valign=\"top\">Kanata, Ontario<\/td>\n<td valign=\"top\">Galerie Kanata, \u00ab\u00a0Gift of Art\u00a0\u00bb<\/td>\n<\/tr>\n<tr>\n<td valign=\"top\">29 novembre au<br \/>\n16 d\u00e9cembre<\/td>\n<td valign=\"top\">Zagreb, Croatia<\/td>\n<td valign=\"top\">Galerie Karas, \u00ab\u00a0Remontrer la trace de notre h\u00e9ritage\u00a0\u00bb exposition d&rsquo;oeuvres d&rsquo;art de 3 canadiens d&rsquo;origine croate<\/td>\n<\/tr>\n<\/tbody>\n<\/table>\n<p>[space size=20]<\/p>\n<input class=\"fooboxshare_post_id\" type=\"hidden\" value=\"2006\"\/>","protected":false},"excerpt":{"rendered":"<p>Expositions &#8211; 2013 3 f\u00e9vrier Nepean, Ontario Art for the Heart 4 au 16 juin Montr\u00e9al, Qu\u00e9bec Affaire de famille 25 au 27 octobre Ottawa, Ontario 5e exposition annuelle d&rsquo;art d&rsquo;Ottawa 10 novembre au 22 d\u00e9cembre Perth, Ontario Perth Gallery, \u00ab\u00a0A Change of Art\u00a0\u00bb 16 au 17 novembre Kanata, Ontario 22e annuelle \u00ab\u00a0Gift of Art\u00a0\u00bb,&hellip;<\/p>\n","protected":false},"author":2,"featured_media":0,"parent":494,"menu_order":10,"comment_status":"closed","ping_status":"open","template":"","meta":{"_monsterinsights_skip_tracking":false,"_monsterinsights_sitenote_active":false,"_monsterinsights_sitenote_note":"","_monsterinsights_sitenote_category":0,"ngg_post_thumbnail":0,"footnotes":""},"class_list":["post-2006","page","type-page","status-publish","hentry"],"_links":{"self":[{"href":"https:\/\/www.johnmlacak.com\/fr\/wp-json\/wp\/v2\/pages\/2006","targetHints":{"allow":["GET"]}}],"collection":[{"href":"https:\/\/www.johnmlacak.com\/fr\/wp-json\/wp\/v2\/pages"}],"about":[{"href":"https:\/\/www.johnmlacak.com\/fr\/wp-json\/wp\/v2\/types\/page"}],"author":[{"embeddable":true,"href":"https:\/\/www.johnmlacak.com\/fr\/wp-json\/wp\/v2\/users\/2"}],"replies":[{"embeddable":true,"href":"https:\/\/www.johnmlacak.com\/fr\/wp-json\/wp\/v2\/comments?post=2006"}],"version-history":[{"count":0,"href":"https:\/\/www.johnmlacak.com\/fr\/wp-json\/wp\/v2\/pages\/2006\/revisions"}],"up":[{"embeddable":true,"href":"https:\/\/www.johnmlacak.com\/fr\/wp-json\/wp\/v2\/pages\/494"}],"wp:attachment":[{"href":"https:\/\/www.johnmlacak.com\/fr\/wp-json\/wp\/v2\/media?parent=2006"}],"curies":[{"name":"wp","href":"https:\/\/api.w.org\/{rel}","templated":true}]}}