{"id":1419,"date":"2012-02-21T00:30:17","date_gmt":"2012-02-21T05:30:17","guid":{"rendered":"http:\/\/www.chasebrooktest.com\/johnmlacak\/?page_id=1419"},"modified":"2023-01-03T22:06:25","modified_gmt":"2023-01-04T03:06:25","slug":"comment-acheter","status":"publish","type":"page","link":"https:\/\/www.johnmlacak.com\/fr\/etudes\/comment-acheter\/","title":{"rendered":"Comment acheter"},"content":{"rendered":"<p>Pour des renseignements concernant l&rsquo;achat d&rsquo;un tableau, veuillez contacter Koyman Galleries au 613-526-1562 ou <a href=\"mailto:information@KoymanGalleries.com\">information@KoymanGalleries.com<\/a>..<\/p>\n<p>L&rsquo;achat d&rsquo;une oeuvre d&rsquo;art est une d\u00e9marche d\u00e9licate. Le tableau doit vous parler, et quand cela arrive, vous pourrez l&rsquo;appr\u00e9cier pendant toute votre vie.<\/p>\n<h2>Prix des tableaux<\/h2>\n<p>Les prix indiqu\u00e9s pour les oeuvres sans encadrement, en dollars canadiens.<br \/>\nLes paiements sont accept\u00e9es en esp\u00e8ces ou carte bancaire (Visa, Mastercard).<br \/>\nLes taxes, la livraison, et l&rsquo;encadrement sont des co\u00fbts suppl\u00e9mentaires.&nbsp; La livraison est gratuite au Canada ou aux Etats-Unis pour des achats de $500 ou plus.<br \/>\nLa taxe de vente harmonis\u00e9e (HST) ne s&rsquo;applique pas aux tableaux \u00e0 destination en dehors du Canada.<\/p>\n<p>&nbsp;<\/p>\n<input class=\"fooboxshare_post_id\" type=\"hidden\" value=\"1419\"\/>","protected":false},"excerpt":{"rendered":"<p>Pour des renseignements concernant l&rsquo;achat d&rsquo;un tableau, veuillez contacter Koyman Galleries au 613-526-1562 ou information@KoymanGalleries.com.. L&rsquo;achat d&rsquo;une oeuvre d&rsquo;art est une d\u00e9marche d\u00e9licate. Le tableau doit vous parler, et quand cela arrive, vous pourrez l&rsquo;appr\u00e9cier pendant toute votre vie. Prix des tableaux Les prix indiqu\u00e9s pour les oeuvres sans encadrement, en dollars canadiens. Les paiements&hellip;<\/p>\n","protected":false},"author":2,"featured_media":0,"parent":649,"menu_order":100,"comment_status":"closed","ping_status":"open","template":"","meta":{"_monsterinsights_skip_tracking":false,"_monsterinsights_sitenote_active":false,"_monsterinsights_sitenote_note":"","_monsterinsights_sitenote_category":0,"ngg_post_thumbnail":0,"footnotes":""},"class_list":["post-1419","page","type-page","status-publish","hentry"],"_links":{"self":[{"href":"https:\/\/www.johnmlacak.com\/fr\/wp-json\/wp\/v2\/pages\/1419","targetHints":{"allow":["GET"]}}],"collection":[{"href":"https:\/\/www.johnmlacak.com\/fr\/wp-json\/wp\/v2\/pages"}],"about":[{"href":"https:\/\/www.johnmlacak.com\/fr\/wp-json\/wp\/v2\/types\/page"}],"author":[{"embeddable":true,"href":"https:\/\/www.johnmlacak.com\/fr\/wp-json\/wp\/v2\/users\/2"}],"replies":[{"embeddable":true,"href":"https:\/\/www.johnmlacak.com\/fr\/wp-json\/wp\/v2\/comments?post=1419"}],"version-history":[{"count":0,"href":"https:\/\/www.johnmlacak.com\/fr\/wp-json\/wp\/v2\/pages\/1419\/revisions"}],"up":[{"embeddable":true,"href":"https:\/\/www.johnmlacak.com\/fr\/wp-json\/wp\/v2\/pages\/649"}],"wp:attachment":[{"href":"https:\/\/www.johnmlacak.com\/fr\/wp-json\/wp\/v2\/media?parent=1419"}],"curies":[{"name":"wp","href":"https:\/\/api.w.org\/{rel}","templated":true}]}}