{"id":1411,"date":"2012-02-21T00:11:32","date_gmt":"2012-02-21T05:12:58","guid":{"rendered":"http:\/\/www.chasebrooktest.com\/johnmlacak\/?page_id=1411"},"modified":"2012-03-27T10:08:46","modified_gmt":"2012-03-27T15:08:46","slug":"methodes","status":"publish","type":"page","link":"https:\/\/www.johnmlacak.com\/fr\/methodes\/","title":{"rendered":"M\u00e9thodes"},"content":{"rendered":"<h2>D\u00e9mo de peinture pour le Club d&rsquo;art de Kanata<\/h2>\n<p>32 personnes ont fait face \u00e0 une vraie temp\u00eate d&rsquo;hiver le 9 mars 2011 pour venir \u00e0 mon d\u00e9mo pour le Club d&rsquo;art de Kanata \u00e0 l&rsquo;\u00e9cole March Central de Dunrobin. Apr\u00e8s les introductions, j&rsquo;ai donn\u00e9 au public un choix entre deux croquis sur des toiles 24 x 30: l&rsquo;une avec des b\u00e2timents du style montr\u00e9alais et du quartier chinois de Spadina \u00e0 Toronto, et l&rsquo;autre des bois, rochers, neige et des arbres.\u00a0 Le choix s&rsquo;est port\u00e9 pour les b\u00e2timents du quartier chinois.<\/p>\n<p>J&rsquo;ai montr\u00e9 comment je refais le dessin en crayon avec l&rsquo;encre de Chine pour faire un croquis noir et blanc, comment je nettoie mes pinceaux, les couleurs que j&rsquo;utilise, les peintures transparentes, ma palette jetable en papier, mon biais pour les peintures de marque Windsor Newton, et mon choix de cl\u00f4tures multicolores. Je pr\u00e9f\u00e8re les pinceaux synth\u00e9tiques pour leur force car je trouve les pinceaux de sable trop doux.\u00a0 J&rsquo;utilise Barri\u00e8re Art Guard pour mes mains avant de commencer \u00e0 peindre.\u00a0 J&rsquo;ai expliqu\u00e9 la derni\u00e8re couche de m\u00e9dium \u00e0 peindre Alkyd pour rendre la r\u00e9flection consistante.<\/p>\n<p>J&rsquo;ai r\u00e9pondu aux questions au cours du d\u00e9mo.\u00a0 Apr\u00e8s une pause, le groupe a voulu que je continue avec mon autre croquis des bois.\u00a0 On a dit que je ressemblais au Pape Jean avec mon chapeau rond noir.\u00a0 J&rsquo;ai \u00e9galement port\u00e9 mon tablier de peinture \u00ab\u00a0haute couture\u00a0\u00bb.\u00a0 Tout le monde semblait bien s&rsquo;amuser, moi compris.\u00a0 A la fin, Beth et moi ont tout remis dans l&rsquo;auto, et apr\u00e8s avoir enlev\u00e9 beaucoup de neige, nous sommes rentr\u00e9s, tr\u00e8s lentement, \u00e0 travers la neige \u00e9paisse.<\/p>\nngg_shortcode_0_placeholder\n<p>Cr\u00e9dit pour photos: Yvan Delisle<\/p>\n<input class=\"fooboxshare_post_id\" type=\"hidden\" value=\"1411\"\/>","protected":false},"excerpt":{"rendered":"<p>D\u00e9mo de peinture pour le Club d&rsquo;art de Kanata 32 personnes ont fait face \u00e0 une vraie temp\u00eate d&rsquo;hiver le 9 mars 2011 pour venir \u00e0 mon d\u00e9mo pour le Club d&rsquo;art de Kanata \u00e0 l&rsquo;\u00e9cole March Central de Dunrobin. Apr\u00e8s les introductions, j&rsquo;ai donn\u00e9 au public un choix entre deux croquis sur des toiles&hellip;<\/p>\n","protected":false},"author":2,"featured_media":0,"parent":0,"menu_order":55,"comment_status":"closed","ping_status":"open","template":"","meta":{"_monsterinsights_skip_tracking":false,"_monsterinsights_sitenote_active":false,"_monsterinsights_sitenote_note":"","_monsterinsights_sitenote_category":0,"ngg_post_thumbnail":0,"footnotes":""},"class_list":["post-1411","page","type-page","status-publish","hentry"],"_links":{"self":[{"href":"https:\/\/www.johnmlacak.com\/fr\/wp-json\/wp\/v2\/pages\/1411","targetHints":{"allow":["GET"]}}],"collection":[{"href":"https:\/\/www.johnmlacak.com\/fr\/wp-json\/wp\/v2\/pages"}],"about":[{"href":"https:\/\/www.johnmlacak.com\/fr\/wp-json\/wp\/v2\/types\/page"}],"author":[{"embeddable":true,"href":"https:\/\/www.johnmlacak.com\/fr\/wp-json\/wp\/v2\/users\/2"}],"replies":[{"embeddable":true,"href":"https:\/\/www.johnmlacak.com\/fr\/wp-json\/wp\/v2\/comments?post=1411"}],"version-history":[{"count":0,"href":"https:\/\/www.johnmlacak.com\/fr\/wp-json\/wp\/v2\/pages\/1411\/revisions"}],"wp:attachment":[{"href":"https:\/\/www.johnmlacak.com\/fr\/wp-json\/wp\/v2\/media?parent=1411"}],"curies":[{"name":"wp","href":"https:\/\/api.w.org\/{rel}","templated":true}]}}